{"id":1087,"date":"2020-08-04T08:38:32","date_gmt":"2020-08-04T08:38:32","guid":{"rendered":"https:\/\/creditosi.wpengine.com\/?page_id=1087"},"modified":"2024-11-19T11:51:24","modified_gmt":"2024-11-19T11:51:24","slug":"aviso-legal","status":"publish","type":"page","link":"https:\/\/avafin.com.es\/ca\/aviso-legal","title":{"rendered":"Nivell de confian\u00e7a"},"content":{"rendered":"<div style=\"height:100px\" aria-hidden=\"true\" class=\"wp-block-spacer\"><\/div>\n\n\n\n<p>A\u00a0<strong>avafin.com.es<\/strong>\u00a0ens comprometem a donar cr\u00e8dits de forma responsable i animem a tots els nostres clients que utilitzin els nostres serveis d&#039;una manera responsable tamb\u00e9, \u00e9s per aix\u00f2 que oferim fins i tot\u00a0<strong>300 \u20ac<\/strong>\u00a0si mai no has utilitzat els nostres serveis abans.<\/p>\n\n\n\n<p>Oferim una&nbsp;<strong>soluci\u00f3 a curt termini<\/strong>&nbsp;de forma r\u00e0pida i eficient, ia canvi esperem que tornis el teu pr\u00e9stec a la&nbsp;<strong>data acordada<\/strong>. El teu&nbsp;<strong>nivell de confian\u00e7a<\/strong>&nbsp;\u00e9s un reflex directe de com uses els nostres serveis i \u00e9s&nbsp;<strong>molt important per a nosaltres<\/strong>. Es tindr\u00e0 en compte si tornes a sol\u00b7licitar un cr\u00e8dit i ser\u00e0 revisada cada cop que el tornis. Podeu augmentar, baixar o quedar-se igual.<\/p>\n\n\n\n<p>Avaluem cada sol\u00b7licitud que rebem de forma independent, els nostres sistemes inform\u00e0tics tenen en compte moltes dades, incloent-hi el teu nivell de confian\u00e7a. Si per alguna ra\u00f3, el nostre sistema identifica problemes en l\u00fas que has donat anteriorment al nostre servei,&nbsp;<strong>el teu nivell de confian\u00e7a pot baixar o quedar congelat.<\/strong>.<\/p>\n\n\n\n<p>Recorda que com a prestadors responsables,\u00a0<strong>nom\u00e9s volem ajudar-te. Si creiem que podr\u00e0s tornar c\u00f2modament els diners sol\u00b7licitats<\/strong>, a\u00a0<strong>avafin.com.es<\/strong>\u00a0sempre estarem encantats d&#039;ajudar-te. Ens encanta ajudar les persones que usen els nostres serveis de forma responsable!<\/p>","protected":false},"excerpt":{"rendered":"<p>En\u00a0avafin.com.es\u00a0nos comprometemos a dar cr\u00e9ditos de forma responsable y animamos a todos nuestros clientes a que utilicen nuestros servicios de una manera responsable tambi\u00e9n, es por esta raz\u00f3n por la cual ofrecemos hasta\u00a0300 \u20ac\u00a0si nunca has utilizado nuestros servicios antes. Ofrecemos una&nbsp;soluci\u00f3n a corto plazo&nbsp;de forma r\u00e1pida y eficiente, y a cambio esperamos que devuelvas [&hellip;]<\/p>\n","protected":false},"author":5,"featured_media":0,"parent":0,"menu_order":0,"comment_status":"closed","ping_status":"closed","template":"","meta":{"_acf_changed":false,"footnotes":""},"class_list":["post-1087","page","type-page","status-publish","hentry"],"acf":[],"yoast_head":"<!-- This site is optimized with the Yoast SEO plugin v26.9 - https:\/\/yoast.com\/product\/yoast-seo-wordpress\/ -->\n<title>Nivel de confianza - Avafin.com.es<\/title>\n<meta name=\"robots\" content=\"noindex, nofollow\" \/>\n<meta property=\"og:locale\" content=\"ca_ES\" \/>\n<meta property=\"og:type\" content=\"article\" \/>\n<meta property=\"og:title\" content=\"Nivel de confianza - Avafin.com.es\" \/>\n<meta property=\"og:description\" content=\"En\u00a0avafin.com.es\u00a0nos comprometemos a dar cr\u00e9ditos de forma responsable y animamos a todos nuestros clientes a que utilicen nuestros servicios de una manera responsable tambi\u00e9n, es por esta raz\u00f3n por la cual ofrecemos hasta\u00a0300 \u20ac\u00a0si nunca has utilizado nuestros servicios antes. Ofrecemos una&nbsp;soluci\u00f3n a corto plazo&nbsp;de forma r\u00e1pida y eficiente, y a cambio esperamos que devuelvas [&hellip;]\" \/>\n<meta property=\"og:url\" content=\"https:\/\/avafin.com.es\/ca\/aviso-legal\" \/>\n<meta property=\"og:site_name\" content=\"Avafin.com.es\" \/>\n<meta property=\"article:modified_time\" content=\"2024-11-19T11:51:24+00:00\" \/>\n<meta name=\"twitter:card\" content=\"summary_large_image\" \/>\n<meta name=\"twitter:label1\" content=\"Est. reading time\" \/>\n\t<meta name=\"twitter:data1\" content=\"1 minut\" \/>\n<script type=\"application\/ld+json\" class=\"yoast-schema-graph\">{\"@context\":\"https:\/\/schema.org\",\"@graph\":[{\"@type\":\"WebPage\",\"@id\":\"https:\/\/avafin.com.es\/ca\/aviso-legal\",\"url\":\"https:\/\/avafin.com.es\/ca\/aviso-legal\",\"name\":\"Nivel de confianza - Avafin.com.es\",\"isPartOf\":{\"@id\":\"https:\/\/avafin.com.es\/ca\/#website\"},\"datePublished\":\"2020-08-04T08:38:32+00:00\",\"dateModified\":\"2024-11-19T11:51:24+00:00\",\"breadcrumb\":{\"@id\":\"https:\/\/avafin.com.es\/ca\/aviso-legal#breadcrumb\"},\"inLanguage\":\"ca\",\"potentialAction\":[{\"@type\":\"ReadAction\",\"target\":[\"https:\/\/avafin.com.es\/ca\/aviso-legal\"]}]},{\"@type\":\"BreadcrumbList\",\"@id\":\"https:\/\/avafin.com.es\/ca\/aviso-legal#breadcrumb\",\"itemListElement\":[{\"@type\":\"ListItem\",\"position\":1,\"name\":\"Inici\",\"item\":\"https:\/\/avafin.com.es\/\"},{\"@type\":\"ListItem\",\"position\":2,\"name\":\"Nivel de confianza\"}]},{\"@type\":\"WebSite\",\"@id\":\"https:\/\/avafin.com.es\/ca\/#website\",\"url\":\"https:\/\/avafin.com.es\/ca\/\",\"name\":\"Avafin.com.es\",\"description\":\"\",\"potentialAction\":[{\"@type\":\"SearchAction\",\"target\":{\"@type\":\"EntryPoint\",\"urlTemplate\":\"https:\/\/avafin.com.es\/ca\/?s={search_term_string}\"},\"query-input\":{\"@type\":\"PropertyValueSpecification\",\"valueRequired\":true,\"valueName\":\"search_term_string\"}}],\"inLanguage\":\"ca\"}]}<\/script>\n<!-- \/ Yoast SEO plugin. -->","yoast_head_json":{"title":"Nivell de confian\u00e7a - Avafin.com.es","robots":{"index":"noindex","follow":"nofollow"},"og_locale":"ca_ES","og_type":"article","og_title":"Nivel de confianza - Avafin.com.es","og_description":"En\u00a0avafin.com.es\u00a0nos comprometemos a dar cr\u00e9ditos de forma responsable y animamos a todos nuestros clientes a que utilicen nuestros servicios de una manera responsable tambi\u00e9n, es por esta raz\u00f3n por la cual ofrecemos hasta\u00a0300 \u20ac\u00a0si nunca has utilizado nuestros servicios antes. Ofrecemos una&nbsp;soluci\u00f3n a corto plazo&nbsp;de forma r\u00e1pida y eficiente, y a cambio esperamos que devuelvas [&hellip;]","og_url":"https:\/\/avafin.com.es\/ca\/aviso-legal","og_site_name":"Avafin.com.es","article_modified_time":"2024-11-19T11:51:24+00:00","twitter_card":"summary_large_image","twitter_misc":{"Est. reading time":"1 minut"},"schema":{"@context":"https:\/\/schema.org","@graph":[{"@type":"WebPage","@id":"https:\/\/avafin.com.es\/ca\/aviso-legal","url":"https:\/\/avafin.com.es\/ca\/aviso-legal","name":"Nivell de confian\u00e7a - Avafin.com.es","isPartOf":{"@id":"https:\/\/avafin.com.es\/ca\/#website"},"datePublished":"2020-08-04T08:38:32+00:00","dateModified":"2024-11-19T11:51:24+00:00","breadcrumb":{"@id":"https:\/\/avafin.com.es\/ca\/aviso-legal#breadcrumb"},"inLanguage":"ca","potentialAction":[{"@type":"ReadAction","target":["https:\/\/avafin.com.es\/ca\/aviso-legal"]}]},{"@type":"BreadcrumbList","@id":"https:\/\/avafin.com.es\/ca\/aviso-legal#breadcrumb","itemListElement":[{"@type":"ListItem","position":1,"name":"Inici","item":"https:\/\/avafin.com.es\/"},{"@type":"ListItem","position":2,"name":"Nivel de confianza"}]},{"@type":"WebSite","@id":"https:\/\/avafin.com.es\/ca\/#website","url":"https:\/\/avafin.com.es\/ca\/","name":"Avafin.com.es","description":"","potentialAction":[{"@type":"SearchAction","target":{"@type":"EntryPoint","urlTemplate":"https:\/\/avafin.com.es\/ca\/?s={search_term_string}"},"query-input":{"@type":"PropertyValueSpecification","valueRequired":true,"valueName":"search_term_string"}}],"inLanguage":"ca"}]}},"_links":{"self":[{"href":"https:\/\/avafin.com.es\/ca\/wp-json\/wp\/v2\/pages\/1087","targetHints":{"allow":["GET"]}}],"collection":[{"href":"https:\/\/avafin.com.es\/ca\/wp-json\/wp\/v2\/pages"}],"about":[{"href":"https:\/\/avafin.com.es\/ca\/wp-json\/wp\/v2\/types\/page"}],"author":[{"embeddable":true,"href":"https:\/\/avafin.com.es\/ca\/wp-json\/wp\/v2\/users\/5"}],"replies":[{"embeddable":true,"href":"https:\/\/avafin.com.es\/ca\/wp-json\/wp\/v2\/comments?post=1087"}],"version-history":[{"count":0,"href":"https:\/\/avafin.com.es\/ca\/wp-json\/wp\/v2\/pages\/1087\/revisions"}],"wp:attachment":[{"href":"https:\/\/avafin.com.es\/ca\/wp-json\/wp\/v2\/media?parent=1087"}],"curies":[{"name":"wp","href":"https:\/\/api.w.org\/{rel}","templated":true}]}}